{"id":4327,"date":"2019-01-21T22:12:52","date_gmt":"2019-01-21T22:12:52","guid":{"rendered":"http:\/\/estelworld.tomslab.co\/?page_id=4327"},"modified":"2020-05-01T21:22:57","modified_gmt":"2020-05-01T21:22:57","slug":"ueber-uns","status":"publish","type":"page","link":"https:\/\/private-skyroom.com\/en\/ueber-uns\/","title":{"rendered":"About us"},"content":{"rendered":"<div class=\"wpb-content-wrapper\"><section class=\"vc_row wpb_row vc_row-fluid vc_custom_1548108923237 row-contains-padding-top row-contains-padding-bottom liquid-row-shadowbox-69ef8c2e42a72\"><div class=\"ld-container container\"><div class=\"row ld-row\"><div class=\"wpb_column vc_column_container vc_col-sm-12 liquid-column-69ef8c2e43434 vc_col-has-fill\" data-parallax=\"true\" data-parallax-from='{\"translateY\":-50}' data-parallax-to='{\"translateY\":166}' data-parallax-options='{\"easing\":\"linear\",\"reverse\":true,\"triggerHook\":\"onEnter\"}'><div class=\"vc_column-inner\"><div class=\"wpb_wrapper \"  data-custom-animations=\"true\" data-ca-options='{\"triggerHandler\":\"inview\",\"animationTarget\":\"all-childs\",\"duration\":700,\"delay\":100,\"easing\":\"easeOutQuint\",\"direction\":\"forward\",\"initValues\":{\"translateX\":-32,\"opacity\":0},\"animations\":{\"translateX\":0,\"opacity\":1}}' ><div class=\"wpb_wrapper-inner\"><style>.ld_fancy_heading_69ef8c2e43538 h4{font-size:40px;font-weight:700;letter-spacing:0.2em;color:rgb(82, 23, 49);}.ld_fancy_heading_69ef8c2e43538 .lqd-highlight-inner{height:0.275em;bottom:0px;}<\/style><div class=\"ld-fancy-heading ld_fancy_heading_69ef8c2e43538\">\n\t<h4 class=\"lqd-highlight-underline lqd-highlight-grow-left\" ><span class=\"ld-fh-txt\"> \u00dcber uns<\/span><\/h4><\/div><div class=\"vc_empty_space\"   style=\"height: 15px\"><span class=\"vc_empty_space_inner\"><\/span><\/div><style>.ld_fancy_heading_69ef8c2e448af h2{font-size:42px;line-height:1.3em;color:rgb(24, 27, 49);}@media (min-width: 1200px) { .ld_fancy_heading_69ef8c2e448af h2 {margin-right:22% !important;  }  } .ld_fancy_heading_69ef8c2e448af .lqd-highlight-inner{height:0.275em;bottom:0px;}@media (min-width: 1200px) { .ld_fancy_heading_69ef8c2e448af h2 {margin-right:22% !important;  }  } <\/style><div class=\"ld-fancy-heading ld_fancy_heading_69ef8c2e448af\">\n\t<h2 class=\"lqd-highlight-underline lqd-highlight-grow-left\" ><span class=\"ld-fh-txt\"> Private Skyroom &#8211; Das exklusive Privatzentrum<\/span><\/h2><\/div><div class=\"vc_empty_space\"   style=\"height: 5px\"><span class=\"vc_empty_space_inner\"><\/span><\/div><div class=\"vc_row wpb_row vc_inner vc_row-fluid liquid-row-shadowbox-69ef8c2e450b4\"><div class=\"wpb_column vc_column_container vc_col-sm-2 vc_hidden-sm vc_hidden-xs liquid-column-69ef8c2e4560d\"><div class=\"vc_column-inner\"><div class=\"wpb_wrapper \"  ><div class=\"wpb_wrapper-inner\"><div class=\"vc_separator wpb_content_element vc_separator_align_center vc_sep_width_100 vc_sep_pos_align_center vc_separator_no_text vc_custom_1555351872588 wpb_content_element  vc_custom_1555351872588 wpb_content_element\" ><span class=\"vc_sep_holder vc_sep_holder_l\"><span style=\"border-color:#521731;\" class=\"vc_sep_line\"><\/span><\/span><span class=\"vc_sep_holder vc_sep_holder_r\"><span style=\"border-color:#521731;\" class=\"vc_sep_line\"><\/span><\/span>\n<\/div><\/div><\/div><\/div><\/div><div class=\"wpb_column vc_column_container vc_col-sm-7 liquid-column-69ef8c2e45c56\"><div class=\"vc_column-inner\"><div class=\"wpb_wrapper \"  ><div class=\"wpb_wrapper-inner\"><style>@media (min-width: 992px) { .ld_fancy_heading_69ef8c2e45d34 p {margin-right:10% !important;  }  } .ld_fancy_heading_69ef8c2e45d34 .lqd-highlight-inner{height:0.275em;bottom:0px;}@media (min-width: 992px) { .ld_fancy_heading_69ef8c2e45d34 p {margin-right:10% !important;  }  } <\/style><div class=\"ld-fancy-heading ld_fancy_heading_69ef8c2e45d34\">\n\t<p class=\"lqd-highlight-underline lqd-highlight-grow-left\" ><span class=\"ld-fh-txt\"> <strong>Private Skyroom ist ein exklusives Zentrum f\u00fcr psychische und physische Therapie<\/strong><\/p>\n<p>Beschreiten Sie mit uns einen v\u00f6llig einzigartigen, sanften und gangbaren Weg aus Ihrer Krise. Das Angebot der Therapien ist speziell, umfassend und wird komplett Ihren PERS\u00d6NLICHEN BED\u00dcRFNISSEN angepasst.<\/p>\n<p>Unser Team besteht aus Spezialisten, hinzugezogenen \u00c4rzten, Psychotherapeuten, Physiotherapeuten, Spezialtherapeuten \u00a0mit verschiedenen Schwerpunkten in perfekter Kommunikation miteinander. Sie werden von der ersten Minute Ihres Aufenthalts pers\u00f6nlich begleitet.<\/span><\/p><\/div><\/div><\/div><\/div><\/div><\/div><\/div><\/div><\/div><\/div><\/div><\/div><\/section><section style=\"background-position:center center !important;\" data-bg-image=\"url\" class=\"vc_row wpb_row vc_row-fluid vc_custom_1555351241553 liquid-row-shadowbox-69ef8c2e46118 vc_row-has-fill vc_row-has-bg\"><div class=\"ld-container container\"><div class=\"row ld-row\"><style>.liquid-column-69ef8c2e4628e > .vc_column-inner > .wpb_wrapper { background:-webkit-linear-gradient(90deg, rgb(226, 168, 168) 0%, rgb(164, 106, 117) 19.8473%, rgb(109, 50, 71) 46.5649%, rgb(82, 23, 49) 67.5573%)};<\/style><div class=\"wpb_column vc_column_container vc_col-sm-12 vc_col-md-4 liquid-column-69ef8c2e4628e vc_col-has-fill\" data-parallax=\"true\" data-parallax-from='{\"translateY\":-11}' data-parallax-to='{\"translateY\":153}' data-parallax-options='{\"easing\":\"linear\",\"reverse\":true,\"triggerHook\":\"onEnter\"}'><div class=\"vc_column-inner\"><div class=\"wpb_wrapper vc_custom_1555351443186\"   ><div class=\"wpb_wrapper-inner\"><style>.ld_cf7_69ef8c2e46347 input[type=\"submit\"], .ld_cf7_69ef8c2e46347 button[type=\"submit\"]{background:rgba(255, 255, 255, 0.9);color:rgb(163, 163, 163);border-color:rgba(255, 255, 255, 0);}.ld_cf7_69ef8c2e46347 input, .ld_cf7_69ef8c2e46347 select, .ld_cf7_69ef8c2e46347 textarea, .ld_cf7_69ef8c2e46347 .ui-selectmenu-button{color:rgb(255, 255, 255);border-color:rgb(241, 241, 241);}.ld_cf7_69ef8c2e46347 input:focus, .ld_cf7_69ef8c2e46347 select:focus, .ld_cf7_69ef8c2e46347 textarea:focus, .ld_cf7_69ef8c2e46347 .ui-selectmenu-button:hover{color:rgb(255, 255, 255);border-color:rgb(255, 255, 255);}.ld_cf7_69ef8c2e46347 input[type=\"submit\"]:focus,.ld_cf7_69ef8c2e46347 input[type=\"submit\"]:hover, .ld_cf7_69ef8c2e46347 button[type=\"submit\"]:focus, .ld_cf7_69ef8c2e46347 button[type=\"submit\"]:hover{background:rgb(255, 255, 255);}<\/style><div id=\"ld_cf7_69ef8c2e46347\" class=\"lqd-contact-form lqd-contact-form-inputs-underlined lqd-contact-form-button-block ld_cf7_69ef8c2e46347 vc_custom_1555350799751\">\n\t\n<div class=\"wpcf7 no-js\" id=\"wpcf7-f4257-o1\" lang=\"en-US\" dir=\"ltr\" data-wpcf7-id=\"4257\">\n<div class=\"screen-reader-response\"><p role=\"status\" aria-live=\"polite\" aria-atomic=\"true\"><\/p> <ul><\/ul><\/div>\n<form action=\"\/en\/wp-json\/wp\/v2\/pages\/4327#wpcf7-f4257-o1\" method=\"post\" class=\"wpcf7-form init\" aria-label=\"Contact form\" novalidate=\"novalidate\" data-status=\"init\">\n<fieldset class=\"hidden-fields-container\"><input type=\"hidden\" name=\"_wpcf7\" value=\"4257\" \/><input type=\"hidden\" name=\"_wpcf7_version\" value=\"6.1.5\" \/><input type=\"hidden\" name=\"_wpcf7_locale\" value=\"en_US\" \/><input type=\"hidden\" name=\"_wpcf7_unit_tag\" value=\"wpcf7-f4257-o1\" \/><input type=\"hidden\" name=\"_wpcf7_container_post\" value=\"0\" \/><input type=\"hidden\" name=\"_wpcf7_posted_data_hash\" value=\"\" \/>\n<\/fieldset>\n<div class=\"row\">\n\t<p class=\"col-md-6\"><br \/>\n<span class=\"wpcf7-form-control-wrap\" data-name=\"text-714\"><input size=\"40\" maxlength=\"400\" class=\"wpcf7-form-control wpcf7-text wpcf7-validates-as-required\" aria-required=\"true\" aria-invalid=\"false\" placeholder=\"Vorname\" value=\"\" type=\"text\" name=\"text-714\" \/><\/span>\n\t<\/p>\n\t<p class=\"col-md-6\"><br \/>\n<span class=\"wpcf7-form-control-wrap\" data-name=\"text-714\"><input size=\"40\" maxlength=\"400\" class=\"wpcf7-form-control wpcf7-text wpcf7-validates-as-required\" aria-required=\"true\" aria-invalid=\"false\" placeholder=\"Nachname\" value=\"\" type=\"text\" name=\"text-714\" \/><\/span>\n\t<\/p>\n\t<p class=\"col-md-6\"><br \/>\n<span class=\"wpcf7-form-control-wrap\" data-name=\"email-887\"><input size=\"40\" maxlength=\"400\" class=\"wpcf7-form-control wpcf7-email wpcf7-validates-as-required wpcf7-text wpcf7-validates-as-email\" aria-required=\"true\" aria-invalid=\"false\" placeholder=\"Email\" value=\"\" type=\"email\" name=\"email-887\" \/><\/span>\n\t<\/p>\n\t<p class=\"col-md-6\"><br \/>\n<span class=\"wpcf7-form-control-wrap\" data-name=\"text-714\"><input size=\"40\" maxlength=\"400\" class=\"wpcf7-form-control wpcf7-text wpcf7-validates-as-required\" aria-required=\"true\" aria-invalid=\"false\" placeholder=\"Betreff\" value=\"\" type=\"text\" name=\"text-714\" \/><\/span>\n\t<\/p>\n\t<p class=\"col-md-12\"><br \/>\n<span class=\"wpcf7-form-control-wrap\" data-name=\"textarea-732\"><textarea cols=\"10\" rows=\"3\" maxlength=\"2000\" class=\"wpcf7-form-control wpcf7-textarea wpcf7-validates-as-required\" aria-required=\"true\" aria-invalid=\"false\" placeholder=\"Nachricht\" name=\"textarea-732\"><\/textarea><\/span>\n\t<\/p>\n\t<p class=\"col-md-12\"><br \/>\n<input class=\"wpcf7-form-control wpcf7-submit has-spinner\" type=\"submit\" value=\"SENDEN\" \/>\n\t<\/p>\n<\/div><div class=\"wpcf7-response-output\" aria-hidden=\"true\"><\/div>\n<\/form>\n<\/div>\n<\/div><\/div><\/div><\/div><\/div><div class=\"wpb_column vc_column_container vc_col-sm-12 vc_col-md-4 liquid-column-69ef8c2e46c8a\"><div class=\"vc_column-inner\"><div class=\"wpb_wrapper \"   ><div class=\"wpb_wrapper-inner\"><\/div><\/div><\/div><\/div><style>@media (min-width: 992px) { .liquid-column-responsive-69ef8c2e46fc7 > .vc_column-inner > .wpb_wrapper {margin-top:100px !important; margin-bottom:0px !important;  }  } <\/style><div class=\"wpb_column vc_column_container vc_col-sm-12 vc_col-md-4 liquid-column-69ef8c2e46fc6 liquid-column-responsive-69ef8c2e46fc7 vc_col-has-fill\" data-parallax=\"true\" data-parallax-from='{\"translateY\":15}' data-parallax-to='{\"translateY\":-120}' data-parallax-options='{\"easing\":\"linear\",\"reverse\":true,\"triggerHook\":\"onEnter\"}'><div class=\"vc_column-inner\"><div class=\"wpb_wrapper vc_custom_1549982684078\"   ><div class=\"wpb_wrapper-inner\"><style>.ld_fancy_heading_69ef8c2e470d8 h5{color:#521731;}.ld_fancy_heading_69ef8c2e470d8 h5 {margin-top:0px !important; margin-bottom:0px !important;  } .ld_fancy_heading_69ef8c2e470d8 .lqd-highlight-inner{height:0.275em;bottom:0px;}.ld_fancy_heading_69ef8c2e470d8 h5 {margin-top:0px !important; margin-bottom:0px !important;  } <\/style><div class=\"ld-fancy-heading text-uppercase ld_fancy_heading_69ef8c2e470d8\">\n\t<h5 class=\"lqd-highlight-underline lqd-highlight-grow-left\" ><span class=\"ld-fh-txt\"> Kontaktieren Sie uns<\/span><\/h5><\/div><style>.ld_fancy_heading_69ef8c2e471ed h2{font-size:25px;line-height:1em;}.ld_fancy_heading_69ef8c2e471ed h2 {margin-top:0px !important; margin-bottom:1em !important;  } .ld_fancy_heading_69ef8c2e471ed .lqd-highlight-inner{height:0.275em;bottom:0px;}.ld_fancy_heading_69ef8c2e471ed h2 {margin-top:0px !important; margin-bottom:1em !important;  } <\/style><div class=\"ld-fancy-heading ld_fancy_heading_69ef8c2e471ed\">\n\t<h2 class=\"lqd-highlight-underline lqd-highlight-grow-left\" ><span class=\"ld-fh-txt\"> Private Skyroom<\/span><\/h2><\/div>\n\t<div class=\"wpb_text_column wpb_content_element vc_custom_1558342418488\" >\n\t\t<div class=\"wpb_wrapper\">\n\t\t\t<p>Sie k\u00f6nnen uns jederzeit per Email erreichen!<\/p>\n\n\t\t<\/div>\n\t<\/div>\n\n\t<div class=\"wpb_text_column wpb_content_element\" >\n\t\t<div class=\"wpb_wrapper\">\n\t\t\t<p class=\"mb-2\"><a href=\"mailto:office@private-skyroom.com\"><span style=\"font-size: 14px;\"><span style=\"color: #000000;\">office@private-skyroom.com<\/span><\/span><\/a><\/p>\n<hr class=\"my-0 mb-2\" \/>\n<p class=\"my-0\"><span style=\"font-size: 14px;\"><span style=\"color: #000000;\"><a href=\"tel:+436643070889\">+43 664 307 0889<\/a><br \/>\n<\/span><\/span><\/p>\n\n\t\t<\/div>\n\t<\/div>\n<\/div><\/div><\/div><\/div><\/div><\/div><\/section><style>@media (min-width: 992px) { .liquid-row-responsive-69ef8c2e47813 {padding-top:120px !important; padding-bottom:100px !important;  }  }   <\/style><section class=\"vc_row wpb_row vc_row-fluid vc_custom_1550071705729 row-contains-padding-top row-contains-padding-bottom liquid-row-responsive-69ef8c2e47813 liquid-row-shadowbox-69ef8c2e47825 vc_row-o-equal-height vc_row-o-content-middle vc_row-flex\"><div class=\"ld-container container\"><div class=\"row ld-row\"><div class=\"wpb_column vc_column_container vc_col-sm-12 vc_col-lg-5 vc_col-md-6 liquid-column-69ef8c2e4797a vc_col-has-fill\" data-parallax=\"true\" data-parallax-from='{\"translateY\":-89}' data-parallax-to='{\"translateY\":0}' data-parallax-options='{\"easing\":\"linear\",\"reverse\":true,\"triggerHook\":\"onEnter\"}'><div class=\"vc_column-inner\"><div class=\"wpb_wrapper \"  data-custom-animations=\"true\" data-ca-options='{\"triggerHandler\":\"inview\",\"animationTarget\":\"all-childs\",\"duration\":700,\"delay\":100,\"easing\":\"easeOutQuint\",\"direction\":\"forward\",\"initValues\":{\"translateY\":49,\"opacity\":0},\"animations\":{\"translateY\":0,\"opacity\":1}}' ><div class=\"wpb_wrapper-inner\"><div class=\"vc_empty_space\"   style=\"height: 32px\"><span class=\"vc_empty_space_inner\"><\/span><\/div><style>.ld_fancy_heading_69ef8c2e47abf h6{font-size:20px;font-weight:700;letter-spacing:0.2em;color:#521731;}.ld_fancy_heading_69ef8c2e47abf .lqd-highlight-inner{height:0.275em;bottom:0px;}<\/style><div class=\"ld-fancy-heading ld_fancy_heading_69ef8c2e47abf\">\n\t<h6 class=\"lqd-highlight-underline lqd-highlight-grow-left\" ><span class=\"ld-fh-txt\"> Was wir tun<\/span><\/h6><\/div><div class=\"vc_empty_space\"   style=\"height: 15px\"><span class=\"vc_empty_space_inner\"><\/span><\/div><style>.ld_fancy_heading_69ef8c2e47c0b h2{font-size:42px;line-height:1.3em;color:rgb(24, 27, 49);}.ld_fancy_heading_69ef8c2e47c0b .lqd-highlight-inner{height:0.275em;bottom:0px;}<\/style><div class=\"ld-fancy-heading ld_fancy_heading_69ef8c2e47c0b\">\n\t<h2 class=\"lqd-highlight-underline lqd-highlight-grow-left\" ><span class=\"ld-fh-txt\"> Behandlungen, Regeneration, Pr\u00e4vention<\/span><\/h2><\/div><div class=\"vc_empty_space\"   style=\"height: 10px\"><span class=\"vc_empty_space_inner\"><\/span><\/div><style>@media (min-width: 992px) { .ld_fancy_heading_69ef8c2e47d3a p {margin-right:22% !important;  }  } .ld_fancy_heading_69ef8c2e47d3a .lqd-highlight-inner{height:0.275em;bottom:0px;}@media (min-width: 992px) { .ld_fancy_heading_69ef8c2e47d3a p {margin-right:22% !important;  }  } <\/style><div class=\"ld-fancy-heading ld_fancy_heading_69ef8c2e47d3a\">\n\t<p class=\"lqd-highlight-underline lqd-highlight-grow-left\" ><span class=\"ld-fh-txt\"> Unser Anliegen ist es rasch und punktgenau\u00a0zu behandeln, Symptome zu lindern,\u00a0deren Ursachen frei zu legen und das darauf aufbauende Behandlungsprogramm\u00a0zeitnah zu starten.<\/p>\n<p>Im Vorlauf werden alle Informationen und Konsultationen erledigt und mit dem Arzt Ihres Vertrauens abgestimmt. Sobald Sie sich entschieden und uns beauftragt haben, veranlassen wir gerne die medizinische Freigabe<\/p>\n<p>Unsere Sprachen sind Deutsch und Englisch. Aus Diskretionsgr\u00fcnden werden Dolmetscher nur bei ausdr\u00fccklichem Kundenwunsch bestellt. Diese werden mit Verschwiegenheitserkl\u00e4rung eingesetzt.<\/p>\n<p>Aufenthaltszeit Minimum 4 Wochen. Empfohlene Dauer 6-8 Wochen um den Behandlungserfolg optimal zu halten.<\/span><\/p><\/div><div class=\"vc_empty_space\"   style=\"height: 52px\"><span class=\"vc_empty_space_inner\"><\/span><\/div><style>.ld_button_69ef8c2e47ed3.btn-icon-solid .btn-icon{background:#521731;}.ld_button_69ef8c2e47ed3.btn-icon-circle.btn-icon-ripple .btn-icon:before{border-color:#521731;}.ld_button_69ef8c2e47ed3.btn-icon-solid:hover .btn-icon{background:#e2a8a8;}.ld_button_69ef8c2e47ed3 .btn-icon{font-size:18px;}.ld_button_69ef8c2e47ed3{color:#521731;font-size:12px !important;font-weight:600 !important;}.ld_button_69ef8c2e47ed3:hover{color:#e2a8a8;}<\/style><a href=\"https:\/\/youtu.be\/PjGr6VpquA8\" class=\"btn btn-naked text-uppercase fresco btn-icon-left btn-icon-xlg btn-icon-circle btn-icon-solid ld_button_69ef8c2e47ed3\">\n\t<span>\n\t\t\n\t\t\t\t\t<span class=\"btn-txt\">Erholung in \u00d6sterreich<\/span>\n\t\t\t\n\t<span class=\"btn-icon\"><i class=\"fa fa-play\"><\/i><\/span>\t\t\t<\/span>\n<\/a>\n<div class=\"vc_empty_space\"   style=\"height: 32px\"><span class=\"vc_empty_space_inner\"><\/span><\/div><\/div><\/div><\/div><\/div><div class=\"wpb_column vc_column_container vc_col-sm-12 vc_col-lg-offset-1 vc_col-lg-6 vc_col-md-offset-1 vc_col-md-5 liquid-column-69ef8c2e48525\"><div class=\"vc_column-inner\"><div class=\"wpb_wrapper \"   ><div class=\"wpb_wrapper-inner\"><div id=\"ld_images_group_container_69ef8c2e485ef\" class=\"liquid-img-group-container ld_images_group_container_69ef8c2e485ef\"  >\n\t<div class=\"liquid-img-group-inner\">\n\t\t<style>@media (min-width: 992px) { .ld_images_group_element_69ef8c2e487dd {margin-right:-75% !important;  }  } <\/style><div id=\"ld_images_group_element_69ef8c2e487dd\" class=\"liquid-img-group-single ld_images_group_element_69ef8c2e487dd\" data-shadow-style=\"4\" data-roundness=\"4\" data-inview=\"true\" data-animate-shadow=\"true\" data-reveal=\"true\" data-reveal-options='{\"direction\":\"rl\",\"bgcolor\":\"rgb(25, 38, 47)\",\"delay\":\"\"}'>\n\t\n\t\t\n\t<div class=\"liquid-img-group-img-container\">\n\t\t\n\t\t\n\t\t\t\t\n\t\t\t\t<div class=\"liquid-img-container-inner\" >\n\t\t\t<figure ><img loading=\"lazy\" decoding=\"async\" width=\"3553\" height=\"2698\" src=\"data:image\/svg+xml;charset=utf-8,&lt;svg xmlns%3D&#039;http%3A%2F%2Fwww.w3.org%2F2000%2Fsvg&#039; viewBox%3D&#039;0 0 1600 1215&#039;%2F&gt;\" class=\"attachment-full size-full ld-lazyload\" alt=\"\" srcset=\"\" sizes=\"auto, (max-width: 3553px) 100vw, 3553px\" data-src=\"https:\/\/private-skyroom.com\/wp-content\/uploads\/2019\/04\/leio-mclaren-leiomclaren-1275822-unsplash-e1588367960798.jpg\" data-srcset=\"https:\/\/private-skyroom.com\/wp-content\/uploads\/2019\/04\/leio-mclaren-leiomclaren-1275822-unsplash-e1588367960798.jpg 3553w, https:\/\/private-skyroom.com\/wp-content\/uploads\/2019\/04\/leio-mclaren-leiomclaren-1275822-unsplash-e1588367960798-300x228.jpg 300w, https:\/\/private-skyroom.com\/wp-content\/uploads\/2019\/04\/leio-mclaren-leiomclaren-1275822-unsplash-e1588367960798-768x583.jpg 768w, https:\/\/private-skyroom.com\/wp-content\/uploads\/2019\/04\/leio-mclaren-leiomclaren-1275822-unsplash-e1588367960798-1024x778.jpg 1024w, https:\/\/private-skyroom.com\/wp-content\/uploads\/2019\/04\/leio-mclaren-leiomclaren-1275822-unsplash-e1588367960798-1536x1166.jpg 1536w, https:\/\/private-skyroom.com\/wp-content\/uploads\/2019\/04\/leio-mclaren-leiomclaren-1275822-unsplash-e1588367960798-2048x1555.jpg 2048w, https:\/\/private-skyroom.com\/wp-content\/uploads\/2019\/04\/leio-mclaren-leiomclaren-1275822-unsplash-e1588367960798-660x500.jpg 660w\" data-aspect=\"1.3168724279835\" \/><\/figure>\t\t\t\t\t<\/div><!-- \/.liquid-img-container-inner -->\n\t\t\n\t<\/div><!-- \/.liquid-img-group-content -->\n<\/div><!-- \/.liquid-img-group-single -->\n\t\n\t<\/div><!-- \/.liquid-img-group-inner -->\n<\/div><!-- \/.liquid-img-group-container --><\/div><\/div><\/div><\/div><\/div><\/div><\/section><section class=\"vc_row wpb_row vc_row-fluid vc_custom_1527151802753 row-contains-padding-top row-contains-padding-bottom liquid-row-shadowbox-69ef8c2e875df\"><div class=\"ld-container container\"><div class=\"row ld-row\"><div class=\"wpb_column vc_column_container vc_col-sm-12 vc_col-md-offset-1 vc_col-md-10 text-center liquid-column-69ef8c2e87752\"><div class=\"vc_column-inner\"><div class=\"wpb_wrapper \"  data-custom-animations=\"true\" data-ca-options='{\"triggerHandler\":\"inview\",\"animationTarget\":\"all-childs\",\"duration\":\"1200\",\"startDelay\":\"200\",\"delay\":\"150\",\"easing\":\"easeOutQuint\",\"direction\":\"forward\",\"initValues\":{\"translateY\":92,\"rotateX\":-34,\"opacity\":0},\"animations\":{\"translateY\":0,\"rotateX\":0,\"opacity\":1}}' ><div class=\"wpb_wrapper-inner\"><style>.ld_fancy_heading_69ef8c2e87838 .lqd-highlight-inner{height:0.275em;bottom:0px;}<\/style><div class=\"ld-fancy-heading ld_fancy_heading_69ef8c2e87838\">\n\t<h2 class=\"lqd-highlight-underline lqd-highlight-grow-left\" data-fittext=\"true\" data-fittext-options='{\"compressor\":0.55,\"maxFontSize\":\"currentFontSize\",\"minFontSize\":\"\"}' data-split-text=\"true\" data-custom-animations=\"true\" data-ca-options='{\"triggerHandler\":\"inview\",\"animationTarget\":\".lqd-words .split-inner\",\"duration\":700,\"delay\":100,\"easing\":\"easeOutQuint\",\"direction\":\"forward\",\"initValues\":{\"scale\":1},\"animations\":{\"scale\":1}}' data-split-options='{\"type\":\"words\"}'><span class=\"ld-fh-txt\"> Lassen Sie uns Ihre Ziele erreichen<\/span><\/h2><\/div><style>.ld_fancy_heading_69ef8c2ebd508 h2{font-size:86px;line-height:1em;color:#521731;}.ld_fancy_heading_69ef8c2ebd508 .lqd-highlight-inner{height:0.275em;bottom:0px;}<\/style><div class=\"ld-fancy-heading ld_fancy_heading_69ef8c2ebd508\">\n\t<h2 class=\"lqd-highlight-underline lqd-highlight-grow-left\" data-fittext=\"true\" data-fittext-options='{\"compressor\":0.65,\"maxFontSize\":\"currentFontSize\",\"minFontSize\":\"60\"}' data-split-text=\"true\" data-custom-animations=\"true\" data-ca-options='{\"triggerHandler\":\"inview\",\"animationTarget\":\".lqd-words .split-inner\",\"duration\":700,\"delay\":100,\"easing\":\"easeOutQuint\",\"direction\":\"forward\",\"initValues\":{\"scale\":1},\"animations\":{\"scale\":1}}' data-split-options='{\"type\":\"words\"}'><span class=\"ld-fh-txt\"> gemeinsam<\/span><\/h2><\/div><div class=\"vc_empty_space\"   style=\"height: 45px\"><span class=\"vc_empty_space_inner\"><\/span><\/div><style>.ld_button_69ef8c2ebda93.btn-icon-solid .btn-icon{background:#521731;}.ld_button_69ef8c2ebda93.btn-icon-circle.btn-icon-ripple .btn-icon:before{border-color:#521731;}.ld_button_69ef8c2ebda93{background-color:#521731;border-color:#521731;color:rgb(255, 255, 255);font-size:14px !important;font-weight:600 !important;box-shadow:0px 12px 20px 0px rgba(138,198,208,0.23);}.ld_button_69ef8c2ebda93 .btn-gradient-border defs stop:first-child{stop-color:#521731;}.ld_button_69ef8c2ebda93 .btn-gradient-border defs stop:last-child{stop-color:#521731;}.ld_button_69ef8c2ebda93:hover{box-shadow:0px 15px 30px 0px rgba(254,104,139,0.12);}<\/style><a href=\"https:\/\/private-skyroom.com\/kontakt\/\" title=\"Contact\" class=\"btn btn-solid text-uppercase circle btn-bordered border-thin ld_button_69ef8c2ebda93\">\n\t<span>\n\t\t\n\t\t\t\t\t<span class=\"btn-txt\">Kontaktieren Sie uns<\/span>\n\t\t\t\n\t\t\t\t<\/span>\n<\/a>\n<\/div><\/div><\/div><\/div><\/div><\/div><\/section>\n<\/div>","protected":false},"excerpt":{"rendered":"\u00dcber uns Private Skyroom - Das exklusive Privatzentrum Private Skyroom ist ein exklusives Zentrum f\u00fcr...","protected":false},"author":1,"featured_media":0,"parent":0,"menu_order":0,"comment_status":"closed","ping_status":"closed","template":"","meta":{"footnotes":""},"class_list":["post-4327","page","type-page","status-publish","hentry"],"_links":{"self":[{"href":"https:\/\/private-skyroom.com\/en\/wp-json\/wp\/v2\/pages\/4327","targetHints":{"allow":["GET"]}}],"collection":[{"href":"https:\/\/private-skyroom.com\/en\/wp-json\/wp\/v2\/pages"}],"about":[{"href":"https:\/\/private-skyroom.com\/en\/wp-json\/wp\/v2\/types\/page"}],"author":[{"embeddable":true,"href":"https:\/\/private-skyroom.com\/en\/wp-json\/wp\/v2\/users\/1"}],"replies":[{"embeddable":true,"href":"https:\/\/private-skyroom.com\/en\/wp-json\/wp\/v2\/comments?post=4327"}],"version-history":[{"count":5,"href":"https:\/\/private-skyroom.com\/en\/wp-json\/wp\/v2\/pages\/4327\/revisions"}],"predecessor-version":[{"id":4879,"href":"https:\/\/private-skyroom.com\/en\/wp-json\/wp\/v2\/pages\/4327\/revisions\/4879"}],"wp:attachment":[{"href":"https:\/\/private-skyroom.com\/en\/wp-json\/wp\/v2\/media?parent=4327"}],"curies":[{"name":"wp","href":"https:\/\/api.w.org\/{rel}","templated":true}]}}