{"id":4349,"date":"2019-01-21T22:51:35","date_gmt":"2019-01-21T22:51:35","guid":{"rendered":"http:\/\/estelworld.tomslab.co\/?page_id=4349"},"modified":"2019-05-20T17:26:03","modified_gmt":"2019-05-20T17:26:03","slug":"kontakt","status":"publish","type":"page","link":"https:\/\/private-skyroom.com\/en\/kontakt\/","title":{"rendered":"Contact"},"content":{"rendered":"<div class=\"wpb-content-wrapper\"><section class=\"vc_row wpb_row vc_row-fluid vc_custom_1548110818643 row-contains-padding-top row-contains-padding-bottom liquid-row-shadowbox-69ef8cbb7a99b\"><div class=\"ld-container container\"><div class=\"row ld-row\"><div class=\"wpb_column vc_column_container vc_col-sm-12 liquid-column-69ef8cbb7ac7f vc_col-has-fill\" data-parallax=\"true\" data-parallax-from='{\"translateY\":-50}' data-parallax-to='{\"translateY\":166}' data-parallax-options='{\"easing\":\"linear\",\"reverse\":true,\"triggerHook\":\"onEnter\"}'><div class=\"vc_column-inner\"><div class=\"wpb_wrapper \"  data-custom-animations=\"true\" data-ca-options='{\"triggerHandler\":\"inview\",\"animationTarget\":\"all-childs\",\"duration\":700,\"delay\":100,\"easing\":\"easeOutQuint\",\"direction\":\"forward\",\"initValues\":{\"translateX\":-32,\"opacity\":0},\"animations\":{\"translateX\":0,\"opacity\":1}}' ><div class=\"wpb_wrapper-inner\"><style>.ld_fancy_heading_69ef8cbb7ad92 h4{font-size:40px;font-weight:700;letter-spacing:0.2em;color:#521731;}.ld_fancy_heading_69ef8cbb7ad92 .lqd-highlight-inner{height:0.275em;bottom:0px;}<\/style><div class=\"ld-fancy-heading ld_fancy_heading_69ef8cbb7ad92\">\n\t<h4 class=\"lqd-highlight-underline lqd-highlight-grow-left\" ><span class=\"ld-fh-txt\"> Kontaktieren Sie uns unverbindlich<\/span><\/h4><\/div><div class=\"vc_empty_space\"   style=\"height: 15px\"><span class=\"vc_empty_space_inner\"><\/span><\/div><style>.ld_fancy_heading_69ef8cbb7b583 h2{font-size:42px;line-height:1.3em;color:rgb(24, 27, 49);}@media (min-width: 1200px) { .ld_fancy_heading_69ef8cbb7b583 h2 {margin-right:22% !important;  }  } .ld_fancy_heading_69ef8cbb7b583 .lqd-highlight-inner{height:0.275em;bottom:0px;}@media (min-width: 1200px) { .ld_fancy_heading_69ef8cbb7b583 h2 {margin-right:22% !important;  }  } <\/style><div class=\"ld-fancy-heading ld_fancy_heading_69ef8cbb7b583\">\n\t<h2 class=\"lqd-highlight-underline lqd-highlight-grow-left\" ><span class=\"ld-fh-txt\"> Wir k\u00fcmmern uns um Ihr Anliegen!<\/span><\/h2><\/div><div class=\"vc_empty_space\"   style=\"height: 5px\"><span class=\"vc_empty_space_inner\"><\/span><\/div><div class=\"vc_row wpb_row vc_inner vc_row-fluid liquid-row-shadowbox-69ef8cbb7b832\"><div class=\"wpb_column vc_column_container vc_col-sm-2 vc_hidden-sm vc_hidden-xs liquid-column-69ef8cbb7b9aa\"><div class=\"vc_column-inner\"><div class=\"wpb_wrapper \"  ><div class=\"wpb_wrapper-inner\"><div class=\"vc_separator wpb_content_element vc_separator_align_center vc_sep_width_100 vc_sep_pos_align_center vc_separator_no_text vc_custom_1547992874053 wpb_content_element  vc_custom_1547992874053 wpb_content_element\" ><span class=\"vc_sep_holder vc_sep_holder_l\"><span style=\"border-color:#ecbabe;\" class=\"vc_sep_line\"><\/span><\/span><span class=\"vc_sep_holder vc_sep_holder_r\"><span style=\"border-color:#ecbabe;\" class=\"vc_sep_line\"><\/span><\/span>\n<\/div><\/div><\/div><\/div><\/div><div class=\"wpb_column vc_column_container vc_col-sm-7 liquid-column-69ef8cbb7bbf2\"><div class=\"vc_column-inner\"><div class=\"wpb_wrapper \"  ><div class=\"wpb_wrapper-inner\"><style>@media (min-width: 992px) { .ld_fancy_heading_69ef8cbb7bcb0 p {margin-right:10% !important;  }  } .ld_fancy_heading_69ef8cbb7bcb0 .lqd-highlight-inner{height:0.275em;bottom:0px;}@media (min-width: 992px) { .ld_fancy_heading_69ef8cbb7bcb0 p {margin-right:10% !important;  }  } <\/style><div class=\"ld-fancy-heading ld_fancy_heading_69ef8cbb7bcb0\">\n\t<p class=\"lqd-highlight-underline lqd-highlight-grow-left\" ><span class=\"ld-fh-txt\"> Sie k\u00f6nnen uns jederzeit f\u00fcr eine unverbindliche Anfrage oder ein Beratungsgespr\u00e4ch kontaktieren.<\/span><\/p><\/div><\/div><\/div><\/div><\/div><\/div><\/div><\/div><\/div><\/div><\/div><\/div><\/section><section data-custom-animations=\"true\" data-ca-options='{\"triggerHandler\":\"inview\",\"animationTarget\":\".wpb_column\",\"duration\":\"1200\",\"delay\":100,\"easing\":\"easeOutQuint\",\"direction\":\"forward\",\"initValues\":{\"translateY\":44,\"opacity\":0},\"animations\":{\"translateY\":0,\"opacity\":1}}' class=\"vc_row wpb_row vc_row-fluid vc_custom_1546254183777 row-contains-padding-top row-contains-padding-bottom liquid-row-shadowbox-69ef8cbb7bec8 vc_row-o-equal-height vc_row-flex\"><div class=\"ld-container container\"><div class=\"row ld-row\"><style>@media (min-width: 992px) { .liquid-column-responsive-69ef8cbb7c024 > .vc_column-inner > .wpb_wrapper {margin-bottom:0px !important;  }  } <\/style><div class=\"wpb_column vc_column_container vc_col-sm-6 liquid-column-69ef8cbb7c023 liquid-column-responsive-69ef8cbb7c024\"><div class=\"vc_column-inner\"><div class=\"wpb_wrapper vc_custom_1548111395096\"   ><div class=\"wpb_wrapper-inner\"><style>.ld_fancy_heading_69ef8cbb7c122 h3{font-size:20px;font-weight:700;letter-spacing:0.2em;color:#521731;}.ld_fancy_heading_69ef8cbb7c122 .lqd-highlight-inner{height:0.275em;bottom:0px;}<\/style><div class=\"ld-fancy-heading ld_fancy_heading_69ef8cbb7c122\">\n\t<h3 class=\"lqd-highlight-underline lqd-highlight-grow-left\" ><span class=\"ld-fh-txt\"> Private Skyroom<\/p>\n<p>ein Projekt von Lifestyle Alliance<\/span><\/h3><\/div><div class=\"vc_separator wpb_content_element vc_separator_align_center vc_sep_width_100 vc_sep_pos_align_center vc_separator_no_text wpb_content_element  wpb_content_element\" ><span class=\"vc_sep_holder vc_sep_holder_l\"><span style=\"border-color:#f7f9fb;\" class=\"vc_sep_line\"><\/span><\/span><span class=\"vc_sep_holder vc_sep_holder_r\"><span style=\"border-color:#f7f9fb;\" class=\"vc_sep_line\"><\/span><\/span>\n<\/div><style>@media (min-width: 992px) { .ld_fancy_heading_69ef8cbb7c2f3 p {margin-right:10% !important;  }  } .ld_fancy_heading_69ef8cbb7c2f3 .lqd-highlight-inner{height:0.275em;bottom:0px;}@media (min-width: 992px) { .ld_fancy_heading_69ef8cbb7c2f3 p {margin-right:10% !important;  }  } <\/style><div class=\"ld-fancy-heading ld_fancy_heading_69ef8cbb7c2f3\">\n\t<p class=\"lqd-highlight-underline lqd-highlight-grow-left\" ><span class=\"ld-fh-txt\"> Wir behandeln alle Anfragen mit gro\u00dfer Sorgfalt und Diskretion!<\/span><\/p><\/div><div class=\"vc_empty_space\"   style=\"height: 32px\"><span class=\"vc_empty_space_inner\"><\/span><\/div><div class=\"vc_row wpb_row vc_inner vc_row-fluid liquid-row-shadowbox-69ef8cbb7c40e\"><div class=\"wpb_column vc_column_container vc_col-sm-6 liquid-column-69ef8cbb7c52b\"><div class=\"vc_column-inner\"><div class=\"wpb_wrapper \"  ><div class=\"wpb_wrapper-inner\">\n\t<div class=\"wpb_text_column wpb_content_element vc_custom_1558341462657\" >\n\t\t<div class=\"wpb_wrapper\">\n\t\t\t<p><span style=\"font-size: 16px; color: #521731;\">Email<\/span><\/p>\n<p><a href=\"mailto:office@private-skyroom.com\"><span style=\"font-size: 15px; color: #666666;\">office@private-skyroom.com<\/span><\/a><\/p>\n\n\t\t<\/div>\n\t<\/div>\n<\/div><\/div><\/div><\/div><div class=\"wpb_column vc_column_container vc_col-sm-6 liquid-column-69ef8cbb7c714\"><div class=\"vc_column-inner\"><div class=\"wpb_wrapper \"  ><div class=\"wpb_wrapper-inner\">\n\t<div class=\"wpb_text_column wpb_content_element vc_custom_1558341583900\" >\n\t\t<div class=\"wpb_wrapper\">\n\t\t\t<p><span style=\"font-size: 16px; color: #e2a8a8;\"><span style=\"color: #521731;\">Rufen Sie uns an<\/span><br \/>\n<\/span><\/p>\n<p><a class=\"\" href=\"tel:+%2043%20664%20307%2008%2089\" target=\"\" rel=\"noopener noreferrer\" aria-label=\"+ 43 664 307 08 89\">+ 43 664 307 08 89<\/a><\/p>\n\n\t\t<\/div>\n\t<\/div>\n<\/div><\/div><\/div><\/div><\/div><style>@media (min-width: 992px) { .ld_fancy_heading_69ef8cbb7c898 p {margin-right:10% !important;  }  } .ld_fancy_heading_69ef8cbb7c898 .lqd-highlight-inner{height:0.275em;bottom:0px;}@media (min-width: 992px) { .ld_fancy_heading_69ef8cbb7c898 p {margin-right:10% !important;  }  } <\/style><div class=\"ld-fancy-heading ld_fancy_heading_69ef8cbb7c898\">\n\t<p class=\"lqd-highlight-underline lqd-highlight-grow-left\" ><span class=\"ld-fh-txt\"> Lifestyle Alliance<br \/>\nDr.-Karl-Lueger-Platz 2\/2\/8<br \/>\n1010 Wien \/ \u00d6sterreich<\/span><\/p><\/div><div class=\"ld-gmap-container ld_google_map_69ef8cbb7c95f\" id=\"ld_google_map_69ef8cbb7c95f\" style=\"height: 280px\">\n\n\t<div class=\"ld-gmap\" data-plugin-map=\"true\" data-plugin-options='{\"style\":\"unsaturatedBrowns\",\"address\":\"Dr.-Karl-Lueger-Platz 2, 1010 Wien\",\"marker\":\"https:\\\/\\\/private-skyroom.com\\\/wp-content\\\/plugins\\\/ave-core\\\/assets\\\/img\\\/markers\\\/map-pin.svg\",\"markers\":null,\"map\":{\"zoom\":16,\"mapTypeId\":\"roadmap\",\"fullscreenControl\":true,\"panControl\":true,\"rotateControl\":true,\"scaleControl\":true,\"scrollwheel\":true,\"streetViewControl\":true,\"zoomControl\":true},\"marker_option\":\"html\",\"className\":\"map_marker\"}'><\/div>\n\n<\/div><\/div><\/div><\/div><\/div><div class=\"wpb_column vc_column_container vc_col-sm-6 text-center liquid-column-69ef8cbb7ced0 vc_col-has-fill\"><div class=\"vc_column-inner\"><div class=\"wpb_wrapper vc_custom_1548111407753\"   ><div class=\"wpb_wrapper-inner\"><style>.ld_fancy_heading_69ef8cbb7cfb2 h2{font-weight:300;color:rgb(26, 28, 38);}.ld_fancy_heading_69ef8cbb7cfb2 h2 {margin-bottom:10px !important;  } .ld_fancy_heading_69ef8cbb7cfb2 .lqd-highlight-inner{height:0.275em;bottom:0px;}.ld_fancy_heading_69ef8cbb7cfb2 h2 {margin-bottom:10px !important;  } <\/style><div class=\"ld-fancy-heading ld_fancy_heading_69ef8cbb7cfb2\">\n\t<h2 class=\"lqd-highlight-underline lqd-highlight-grow-left h3\" ><span class=\"ld-fh-txt\"> Schicken Sie uns eine Nachricht<\/span><\/h2><\/div><style>.ld_spacer_69ef8cbb7d345{height:10px;}<\/style>\n<div class=\"ld-empty-space ld_spacer_69ef8cbb7d345\"><span class=\"liquid_empty_space_inner\"><\/span><\/div>\n\t<div class=\"wpb_text_column wpb_content_element\" >\n\t\t<div class=\"wpb_wrapper\">\n\t\t\t<p><span style=\"color: #73747f; font-size: 15px; line-height: 26px;\">Wir melden uns unverz\u00fcglich<br \/>\n<\/span><\/p>\n\n\t\t<\/div>\n\t<\/div>\n<style>.ld_spacer_69ef8cbb7d4f7{height:35px;}<\/style>\n<div class=\"ld-empty-space ld_spacer_69ef8cbb7d4f7\"><span class=\"liquid_empty_space_inner\"><\/span><\/div><style>.ld_cf7_69ef8cbb7d570 input,.ld_cf7_69ef8cbb7d570 textarea,.ld_cf7_69ef8cbb7d570 .ui-selectmenu-button{font-size:14px;font-weight:400;}.ld_cf7_69ef8cbb7d570 input[type=\"submit\"], .ld_cf7_69ef8cbb7d570 button[type=\"submit\"]{font-size:15px;color:rgb(255, 255, 255);}.ld_cf7_69ef8cbb7d570 input:focus, .ld_cf7_69ef8cbb7d570 select:focus, .ld_cf7_69ef8cbb7d570 textarea:focus, .ld_cf7_69ef8cbb7d570 .ui-selectmenu-button:hover{background:rgb(238, 243, 248);color:rgb(94, 96, 98);}.ld_cf7_69ef8cbb7d570 input, .ld_cf7_69ef8cbb7d570 select, .ld_cf7_69ef8cbb7d570 textarea, .ld_cf7_69ef8cbb7d570 .ui-selectmenu-button{color:rgb(111, 114, 116);}.ld_cf7_69ef8cbb7d570 input[type=\"submit\"]:focus,.ld_cf7_69ef8cbb7d570 input[type=\"submit\"]:hover, .ld_cf7_69ef8cbb7d570 button[type=\"submit\"]:focus, .ld_cf7_69ef8cbb7d570 button[type=\"submit\"]:hover{background:rgb(58, 58, 58);}.ld_cf7_69ef8cbb7d570 input[type=\"submit\"]:hover, .ld_cf7_69ef8cbb7d570 button[type=\"submit\"]:hover{border-color:rgb(58, 58, 58);}<\/style><div id=\"ld_cf7_69ef8cbb7d570\" class=\"lqd-contact-form ld_cf7_69ef8cbb7d570 vc_custom_1558341063104\">\n\t\n<div class=\"wpcf7 no-js\" id=\"wpcf7-f4257-o1\" lang=\"en-US\" dir=\"ltr\" data-wpcf7-id=\"4257\">\n<div class=\"screen-reader-response\"><p role=\"status\" aria-live=\"polite\" aria-atomic=\"true\"><\/p> <ul><\/ul><\/div>\n<form action=\"\/en\/wp-json\/wp\/v2\/pages\/4349#wpcf7-f4257-o1\" method=\"post\" class=\"wpcf7-form init\" aria-label=\"Contact form\" novalidate=\"novalidate\" data-status=\"init\">\n<fieldset class=\"hidden-fields-container\"><input type=\"hidden\" name=\"_wpcf7\" value=\"4257\" \/><input type=\"hidden\" name=\"_wpcf7_version\" value=\"6.1.5\" \/><input type=\"hidden\" name=\"_wpcf7_locale\" value=\"en_US\" \/><input type=\"hidden\" name=\"_wpcf7_unit_tag\" value=\"wpcf7-f4257-o1\" \/><input type=\"hidden\" name=\"_wpcf7_container_post\" value=\"0\" \/><input type=\"hidden\" name=\"_wpcf7_posted_data_hash\" value=\"\" \/>\n<\/fieldset>\n<div class=\"row\">\n\t<p class=\"col-md-6\"><br \/>\n<span class=\"wpcf7-form-control-wrap\" data-name=\"text-714\"><input size=\"40\" maxlength=\"400\" class=\"wpcf7-form-control wpcf7-text wpcf7-validates-as-required\" aria-required=\"true\" aria-invalid=\"false\" placeholder=\"Vorname\" value=\"\" type=\"text\" name=\"text-714\" \/><\/span>\n\t<\/p>\n\t<p class=\"col-md-6\"><br \/>\n<span class=\"wpcf7-form-control-wrap\" data-name=\"text-714\"><input size=\"40\" maxlength=\"400\" class=\"wpcf7-form-control wpcf7-text wpcf7-validates-as-required\" aria-required=\"true\" aria-invalid=\"false\" placeholder=\"Nachname\" value=\"\" type=\"text\" name=\"text-714\" \/><\/span>\n\t<\/p>\n\t<p class=\"col-md-6\"><br \/>\n<span class=\"wpcf7-form-control-wrap\" data-name=\"email-887\"><input size=\"40\" maxlength=\"400\" class=\"wpcf7-form-control wpcf7-email wpcf7-validates-as-required wpcf7-text wpcf7-validates-as-email\" aria-required=\"true\" aria-invalid=\"false\" placeholder=\"Email\" value=\"\" type=\"email\" name=\"email-887\" \/><\/span>\n\t<\/p>\n\t<p class=\"col-md-6\"><br \/>\n<span class=\"wpcf7-form-control-wrap\" data-name=\"text-714\"><input size=\"40\" maxlength=\"400\" class=\"wpcf7-form-control wpcf7-text wpcf7-validates-as-required\" aria-required=\"true\" aria-invalid=\"false\" placeholder=\"Betreff\" value=\"\" type=\"text\" name=\"text-714\" \/><\/span>\n\t<\/p>\n\t<p class=\"col-md-12\"><br \/>\n<span class=\"wpcf7-form-control-wrap\" data-name=\"textarea-732\"><textarea cols=\"10\" rows=\"3\" maxlength=\"2000\" class=\"wpcf7-form-control wpcf7-textarea wpcf7-validates-as-required\" aria-required=\"true\" aria-invalid=\"false\" placeholder=\"Nachricht\" name=\"textarea-732\"><\/textarea><\/span>\n\t<\/p>\n\t<p class=\"col-md-12\"><br \/>\n<input class=\"wpcf7-form-control wpcf7-submit has-spinner\" type=\"submit\" value=\"SENDEN\" \/>\n\t<\/p>\n<\/div><div class=\"wpcf7-response-output\" aria-hidden=\"true\"><\/div>\n<\/form>\n<\/div>\n<\/div><\/div><\/div><\/div><\/div><\/div><\/div><\/section>\n<\/div>","protected":false},"excerpt":{"rendered":"Kontaktieren Sie uns unverbindlich Wir k\u00fcmmern uns um Ihr Anliegen! Sie k\u00f6nnen uns jederzeit f\u00fcr...","protected":false},"author":1,"featured_media":0,"parent":0,"menu_order":0,"comment_status":"closed","ping_status":"closed","template":"","meta":{"footnotes":""},"class_list":["post-4349","page","type-page","status-publish","hentry"],"_links":{"self":[{"href":"https:\/\/private-skyroom.com\/en\/wp-json\/wp\/v2\/pages\/4349","targetHints":{"allow":["GET"]}}],"collection":[{"href":"https:\/\/private-skyroom.com\/en\/wp-json\/wp\/v2\/pages"}],"about":[{"href":"https:\/\/private-skyroom.com\/en\/wp-json\/wp\/v2\/types\/page"}],"author":[{"embeddable":true,"href":"https:\/\/private-skyroom.com\/en\/wp-json\/wp\/v2\/users\/1"}],"replies":[{"embeddable":true,"href":"https:\/\/private-skyroom.com\/en\/wp-json\/wp\/v2\/comments?post=4349"}],"version-history":[{"count":5,"href":"https:\/\/private-skyroom.com\/en\/wp-json\/wp\/v2\/pages\/4349\/revisions"}],"predecessor-version":[{"id":4786,"href":"https:\/\/private-skyroom.com\/en\/wp-json\/wp\/v2\/pages\/4349\/revisions\/4786"}],"wp:attachment":[{"href":"https:\/\/private-skyroom.com\/en\/wp-json\/wp\/v2\/media?parent=4349"}],"curies":[{"name":"wp","href":"https:\/\/api.w.org\/{rel}","templated":true}]}}