{"id":4960,"date":"2026-04-20T22:50:26","date_gmt":"2026-04-20T22:50:26","guid":{"rendered":"https:\/\/private-skyroom.com\/?page_id=4960"},"modified":"2026-04-20T23:05:01","modified_gmt":"2026-04-20T23:05:01","slug":"impressum","status":"publish","type":"page","link":"https:\/\/private-skyroom.com\/en\/impressum\/","title":{"rendered":"Impressum"},"content":{"rendered":"<p><strong>Private Skyroom ein Projekt der Lifestyle Alliance<\/strong><br><strong>A&amp;P<br>Sabina Witt-Pambalk<br>Personalberatung und Arbeitsvermittlung<\/strong><\/p>\n\n\n\n<p>Dr.-Karl-Lueger-Platz 2\/2\/8<br>A-1010 Wien<\/p>\n\n\n\n<p>tel: + 43 1 713 26 80<br>mobil: + 43 664 30 70 889<br>fax: + 43 1 718 86 90<br>UID ATU45526603<\/p>\n\n\n\n<p>Gegr\u00fcndet: 2018<br><br>Alle Fotos: Shutterstock, Unsplash, oder von Partnern zur Verf\u00fcgung gestellt<\/p>\n\n\n\n<p><strong>NUTZUNGSBESTIMMUNGEN<br><\/strong>Private Skyroom (in der Folge \u201eWebseitenbetreiber\u201d genannt)<\/p>\n\n\n\n<ol class=\"wp-block-list\">\n<li>Nutzung der Seite<br>Alle Inhalte unserer Website sind urheberrechtlich gesch\u00fctzt. Wir gestatten ausdr\u00fccklich die Nutzung aller Daten f\u00fcr den privaten, nicht kommerziellen Gebrauch. Bei Vervielf\u00e4ltigung ist auf die Urheber- und Eigentumsrechte des Webseitenbetreibers ausdr\u00fccklich hinzuweisen. Inhalte d\u00fcrfen in keiner Weise ver\u00e4ndert werden und ohne schriftliche Genehmigung nicht auf anderen Internet-Seiten oder vernetzten Rechnern genutzt oder dargestellt werden. Jegliche Nutzung f\u00fcr \u00f6ffentliche oder kommerzielle Zwecke bedarf der schriftlichen Zustimmung des Webseitenbetreibers. Ein Versto\u00df gegen diese Bedingungen verpflichtet zur sofortigen Vernichtung aller ausgedruckten, kopierten, heruntergeladenen oder auf anderem Wege erworbenen Inhalte. Die Geltendmachung weiterer Schadensersatzanspr\u00fcche beh\u00e4lt sich der Webseitenbetreiber vor.<br><\/li>\n\n\n\n<li>Internet Seiten und Links<br>Webseiten enthalten auch Querverweise (Links) zu Webseiten anderer Anbieter. F\u00fcr fremde Inhalte, die \u00fcber solche Querverweise (Links) erreichbar sind, ist der Webseitenbetreiber nicht verantwortlich. Das fremde Angebot wurde bei der erstmaligen Verlinkung auf rechtswidrige Inhalte \u00fcberpr\u00fcft. Erst wenn wir feststellen oder darauf hingewiesen werden, dass ein Angebot rechtswidrigen Inhalt aufweist, wird dieser Querverweis (Link) aufgehoben, soweit dies technisch m\u00f6glich und zumutbar ist. Wir verwenden in unseren Webseiten browserseitige \u201cCookies\u201d und serverseitige \u201cSession-IDs\u201d, um dem User die Benutzung unserer Online-Angebote zu erleichtern. Unsere \u201cCookies\u201d und \u201cSession-IDs\u201d enthalten keine personenspezifischen Informationen \u00fcber die Benutzer unserer Webseiten. E-Mail-Adresse, Name und Anschrift bleiben anonym.<br><\/li>\n\n\n\n<li>Upload &amp; Download<br>Der Webseitenbetreiber stellt den Benutzern der Website Dateien zum Herunterladen (Download) zur Verf\u00fcgung. Diese Daten sind ausschlie\u00dflich f\u00fcr Testzwecke zur Verf\u00fcgung gestellt. S\u00e4mtliche zum Download bereitgestellten Dateien wurden mit den jeweils aktuellen Virus\u00fcberpr\u00fcfungsprogrammen einer anerkannten Virus\u00fcberpr\u00fcfungsfirma getestet und waren zum Zeitpunkt der Bereitstellung frei von Viren. Jede weitere Verbreitung der vom Webseitenbetreiber bereitgestellten Dateien im Internet oder in bzw. auf anderen Medien ist strengstens untersagt und nur mit schriftlicher Genehmigung des Webseitenbetreibers m\u00f6glich.<br><\/li>\n\n\n\n<li>Gew\u00e4hrleistung<br>Die Informationen auf unseren Internet-Seiten werden mit gr\u00f6\u00dfter Sorgfalt erstellt. Der Webseitenbetreiber \u00fcbernimmt jedoch keine Gew\u00e4hr f\u00fcr deren Vollst\u00e4ndigkeit oder Eignung f\u00fcr bestimmte Verwendungszwecke. Die Nutzung der auf den Internet-Seiten zur Verf\u00fcgung gestellten Inhalte erfolgt auf alleinige Gefahr des Nutzers. F\u00fcr etwaige Besch\u00e4digungen oder Ausf\u00e4lle an Ger\u00e4ten \u00fcbernimmt der Webseitenbetreiber keinerlei Haftung. Wenn der Webseitenbetreiber Preise oder Preislisten auf den Seiten ver\u00f6ffentlicht, sind diese Preise freibleibend. Druckfehler und Irrt\u00fcmer vorbehalten.<\/li>\n<\/ol>","protected":false},"excerpt":{"rendered":"<p>Private Skyroom ein Projekt der Lifestyle AllianceA&amp;PSabina Witt-PambalkPersonalberatung und Arbeitsvermittlung Dr.-Karl-Lueger-Platz 2\/2\/8A-1010 Wien tel: +&#8230;<\/p>","protected":false},"author":1,"featured_media":0,"parent":0,"menu_order":0,"comment_status":"closed","ping_status":"closed","template":"","meta":{"footnotes":""},"class_list":["post-4960","page","type-page","status-publish","hentry"],"_links":{"self":[{"href":"https:\/\/private-skyroom.com\/en\/wp-json\/wp\/v2\/pages\/4960","targetHints":{"allow":["GET"]}}],"collection":[{"href":"https:\/\/private-skyroom.com\/en\/wp-json\/wp\/v2\/pages"}],"about":[{"href":"https:\/\/private-skyroom.com\/en\/wp-json\/wp\/v2\/types\/page"}],"author":[{"embeddable":true,"href":"https:\/\/private-skyroom.com\/en\/wp-json\/wp\/v2\/users\/1"}],"replies":[{"embeddable":true,"href":"https:\/\/private-skyroom.com\/en\/wp-json\/wp\/v2\/comments?post=4960"}],"version-history":[{"count":2,"href":"https:\/\/private-skyroom.com\/en\/wp-json\/wp\/v2\/pages\/4960\/revisions"}],"predecessor-version":[{"id":4965,"href":"https:\/\/private-skyroom.com\/en\/wp-json\/wp\/v2\/pages\/4960\/revisions\/4965"}],"wp:attachment":[{"href":"https:\/\/private-skyroom.com\/en\/wp-json\/wp\/v2\/media?parent=4960"}],"curies":[{"name":"wp","href":"https:\/\/api.w.org\/{rel}","templated":true}]}}